{"id":990817,"date":"2021-10-26T14:50:54","date_gmt":"2021-10-26T12:50:54","guid":{"rendered":"https:\/\/babelidiomes.com\/test-de-nivel\/"},"modified":"2021-10-26T14:50:54","modified_gmt":"2021-10-26T12:50:54","slug":"test-de-nivel","status":"publish","type":"page","link":"https:\/\/babelidiomes.com\/es\/test-de-nivel\/","title":{"rendered":"Test de nivel"},"content":{"rendered":"\t\t<div data-elementor-type=\"wp-page\" data-elementor-id=\"990817\" class=\"elementor elementor-990817 elementor-345\" data-elementor-post-type=\"page\">\n\t\t\t\t\t\t<section class=\"elementor-section elementor-top-section elementor-element elementor-element-4dfdf3ca elementor-section-content-bottom elementor-section-boxed elementor-section-height-default elementor-section-height-default elementor-invisible\" data-id=\"4dfdf3ca\" data-element_type=\"section\" data-e-type=\"section\" data-settings=\"{&quot;background_background&quot;:&quot;classic&quot;,&quot;background_motion_fx_motion_fx_scrolling&quot;:&quot;yes&quot;,&quot;background_motion_fx_opacity_effect&quot;:&quot;yes&quot;,&quot;background_motion_fx_opacity_direction&quot;:&quot;in-out&quot;,&quot;background_motion_fx_opacity_range&quot;:{&quot;unit&quot;:&quot;%&quot;,&quot;size&quot;:&quot;&quot;,&quot;sizes&quot;:{&quot;start&quot;:62,&quot;end&quot;:82}},&quot;animation&quot;:&quot;fadeIn&quot;,&quot;background_motion_fx_opacity_level&quot;:{&quot;unit&quot;:&quot;px&quot;,&quot;size&quot;:10,&quot;sizes&quot;:[]},&quot;background_motion_fx_devices&quot;:[&quot;desktop&quot;,&quot;tablet&quot;,&quot;mobile&quot;]}\">\n\t\t\t\t\t\t<div class=\"elementor-container elementor-column-gap-default\">\n\t\t\t\t\t<div class=\"elementor-column elementor-col-100 elementor-top-column elementor-element elementor-element-5e941445\" data-id=\"5e941445\" data-element_type=\"column\" data-e-type=\"column\" data-settings=\"{&quot;background_background&quot;:&quot;classic&quot;}\">\n\t\t\t<div class=\"elementor-widget-wrap elementor-element-populated\">\n\t\t\t\t\t\t<div class=\"elementor-element elementor-element-665600dc elementor-widget elementor-widget-heading\" data-id=\"665600dc\" data-element_type=\"widget\" data-e-type=\"widget\" data-widget_type=\"heading.default\">\n\t\t\t\t<div class=\"elementor-widget-container\">\n\t\t\t\t\t<h3 class=\"elementor-heading-title elementor-size-default\">\u00bfQuieres saber cu\u00e1l es tu nivel de ingl\u00e9s con un Test de Cambridge? <\/h3>\t\t\t\t<\/div>\n\t\t\t\t<\/div>\n\t\t\t\t<div class=\"elementor-element elementor-element-73eaeca5 elementor-widget elementor-widget-text-editor\" data-id=\"73eaeca5\" data-element_type=\"widget\" data-e-type=\"widget\" data-widget_type=\"text-editor.default\">\n\t\t\t\t<div class=\"elementor-widget-container\">\n\t\t\t\t\t\t\t\t\t<p style=\"\"><span style=\"font-weight: 400;\">Accede a la p\u00e1gina web de<\/span> <b>Cambridge English<\/b> y escoge el test que quieres hacer.<\/p>\n<p style=\"font-weight: 400;\"><i style=\"font-weight: 400; letter-spacing: 0.2px;\">General English, English for Schools, Business English <\/i><span style=\"font-weight: 400; letter-spacing: 0.2px;\">o bien<\/span><i style=\"font-weight: 400; letter-spacing: 0.2px;\">Young Learners<\/i><span style=\"font-weight: 400; letter-spacing: 0.2px;\"> y sabr\u00e1s autom\u00e1ticamente cu\u00e1l es tu nivel de Cambridge.<\/span><\/p>\n\t\t\t\t\t\t\t\t<\/div>\n\t\t\t\t<\/div>\n\t\t\t\t\t<\/div>\n\t\t<\/div>\n\t\t\t\t\t<\/div>\n\t\t<\/section>\n\t\t\t\t<\/div>\n\t\t","protected":false},"excerpt":{"rendered":"<p>\u00bfQuieres saber cu\u00e1l es tu nivel de ingl\u00e9s con un Test de Cambridge? Accede a la p\u00e1gina web de Cambridge English y escoge el test que quieres hacer. General English, English for Schools, Business English o bienYoung Learners y sabr\u00e1s autom\u00e1ticamente cu\u00e1l es tu nivel de Cambridge. Acceder<\/p>\n","protected":false},"author":1,"featured_media":0,"parent":0,"menu_order":0,"comment_status":"closed","ping_status":"closed","template":"","meta":{"footnotes":""},"class_list":["post-990817","page","type-page","status-publish","hentry"],"_links":{"self":[{"href":"https:\/\/babelidiomes.com\/es\/wp-json\/wp\/v2\/pages\/990817","targetHints":{"allow":["GET"]}}],"collection":[{"href":"https:\/\/babelidiomes.com\/es\/wp-json\/wp\/v2\/pages"}],"about":[{"href":"https:\/\/babelidiomes.com\/es\/wp-json\/wp\/v2\/types\/page"}],"author":[{"embeddable":true,"href":"https:\/\/babelidiomes.com\/es\/wp-json\/wp\/v2\/users\/1"}],"replies":[{"embeddable":true,"href":"https:\/\/babelidiomes.com\/es\/wp-json\/wp\/v2\/comments?post=990817"}],"version-history":[{"count":0,"href":"https:\/\/babelidiomes.com\/es\/wp-json\/wp\/v2\/pages\/990817\/revisions"}],"wp:attachment":[{"href":"https:\/\/babelidiomes.com\/es\/wp-json\/wp\/v2\/media?parent=990817"}],"curies":[{"name":"wp","href":"https:\/\/api.w.org\/{rel}","templated":true}]}}