{"id":990830,"date":"2021-10-26T15:16:56","date_gmt":"2021-10-26T13:16:56","guid":{"rendered":"https:\/\/babelidiomes.com\/blog\/"},"modified":"2023-03-01T16:45:04","modified_gmt":"2023-03-01T15:45:04","slug":"blog","status":"publish","type":"page","link":"https:\/\/babelidiomes.com\/es\/blog\/","title":{"rendered":"Blog"},"content":{"rendered":"\t\t<div data-elementor-type=\"wp-page\" data-elementor-id=\"990830\" class=\"elementor elementor-990830 elementor-1349\" data-elementor-post-type=\"page\">\n\t\t\t\t\t\t<section class=\"elementor-section elementor-top-section elementor-element elementor-element-6667923c elementor-section-content-bottom elementor-section-boxed elementor-section-height-default elementor-section-height-default elementor-invisible\" data-id=\"6667923c\" data-element_type=\"section\" data-e-type=\"section\" data-settings=\"{&quot;background_background&quot;:&quot;classic&quot;,&quot;background_motion_fx_motion_fx_scrolling&quot;:&quot;yes&quot;,&quot;background_motion_fx_range&quot;:&quot;viewport&quot;,&quot;background_motion_fx_opacity_effect&quot;:&quot;yes&quot;,&quot;background_motion_fx_opacity_direction&quot;:&quot;in-out&quot;,&quot;background_motion_fx_opacity_range&quot;:{&quot;unit&quot;:&quot;%&quot;,&quot;size&quot;:&quot;&quot;,&quot;sizes&quot;:{&quot;start&quot;:65,&quot;end&quot;:79}},&quot;background_motion_fx_translateY_effect&quot;:&quot;yes&quot;,&quot;animation&quot;:&quot;fadeIn&quot;,&quot;background_motion_fx_translateY_speed&quot;:{&quot;unit&quot;:&quot;px&quot;,&quot;size&quot;:4,&quot;sizes&quot;:[]},&quot;background_motion_fx_translateY_affectedRange&quot;:{&quot;unit&quot;:&quot;%&quot;,&quot;size&quot;:&quot;&quot;,&quot;sizes&quot;:{&quot;start&quot;:0,&quot;end&quot;:100}},&quot;background_motion_fx_opacity_level&quot;:{&quot;unit&quot;:&quot;px&quot;,&quot;size&quot;:10,&quot;sizes&quot;:[]},&quot;background_motion_fx_devices&quot;:[&quot;desktop&quot;,&quot;tablet&quot;,&quot;mobile&quot;]}\">\n\t\t\t\t\t\t<div class=\"elementor-container elementor-column-gap-default\">\n\t\t\t\t\t<div class=\"elementor-column elementor-col-50 elementor-top-column elementor-element elementor-element-4461c971\" data-id=\"4461c971\" data-element_type=\"column\" data-e-type=\"column\" data-settings=\"{&quot;background_background&quot;:&quot;classic&quot;}\">\n\t\t\t<div class=\"elementor-widget-wrap elementor-element-populated\">\n\t\t\t\t\t\t<div class=\"elementor-element elementor-element-6c93969a elementor-widget elementor-widget-text-editor\" data-id=\"6c93969a\" data-element_type=\"widget\" data-e-type=\"widget\" data-widget_type=\"text-editor.default\">\n\t\t\t\t<div class=\"elementor-widget-container\">\n\t\t\t\t\t\t\t\t\t<p>Actualidad y noticias de inter\u00e9s de Babel Idiomes<\/p>\n\t\t\t\t\t\t\t\t<\/div>\n\t\t\t\t<\/div>\n\t\t\t\t\t<\/div>\n\t\t<\/div>\n\t\t\t\t<div class=\"elementor-column elementor-col-50 elementor-top-column elementor-element elementor-element-12a96efa elementor-hidden-phone\" data-id=\"12a96efa\" data-element_type=\"column\" data-e-type=\"column\">\n\t\t\t<div class=\"elementor-widget-wrap\">\n\t\t\t\t\t\t\t<\/div>\n\t\t<\/div>\n\t\t\t\t\t<\/div>\n\t\t<\/section>\n\t\t\t\t<section class=\"elementor-section elementor-top-section elementor-element elementor-element-cba6d08 elementor-section-height-min-height elementor-section-boxed elementor-section-height-default elementor-section-items-middle\" data-id=\"cba6d08\" data-element_type=\"section\" data-e-type=\"section\">\n\t\t\t\t\t\t<div class=\"elementor-container elementor-column-gap-default\">\n\t\t\t\t\t<div class=\"elementor-column elementor-col-50 elementor-top-column elementor-element elementor-element-3474a817\" data-id=\"3474a817\" data-element_type=\"column\" data-e-type=\"column\" data-settings=\"{&quot;background_background&quot;:&quot;classic&quot;}\">\n\t\t\t<div class=\"elementor-widget-wrap elementor-element-populated\">\n\t\t\t\t\t\t<div class=\"elementor-element elementor-element-f8efbaf elementor-widget elementor-widget-spacer\" data-id=\"f8efbaf\" data-element_type=\"widget\" data-e-type=\"widget\" data-widget_type=\"spacer.default\">\n\t\t\t\t<div class=\"elementor-widget-container\">\n\t\t\t\t\t\t\t<div class=\"elementor-spacer\">\n\t\t\t<div class=\"elementor-spacer-inner\"><\/div>\n\t\t<\/div>\n\t\t\t\t\t\t<\/div>\n\t\t\t\t<\/div>\n\t\t\t\t\t<\/div>\n\t\t<\/div>\n\t\t\t\t<div class=\"elementor-column elementor-col-50 elementor-top-column elementor-element elementor-element-37d374d1 elementor-hidden-phone\" data-id=\"37d374d1\" data-element_type=\"column\" data-e-type=\"column\">\n\t\t\t<div class=\"elementor-widget-wrap\">\n\t\t\t\t\t\t\t<\/div>\n\t\t<\/div>\n\t\t\t\t\t<\/div>\n\t\t<\/section>\n\t\t\t\t<section class=\"elementor-section elementor-top-section elementor-element elementor-element-3184185 elementor-section-boxed elementor-section-height-default elementor-section-height-default\" data-id=\"3184185\" data-element_type=\"section\" data-e-type=\"section\">\n\t\t\t\t\t\t<div class=\"elementor-container elementor-column-gap-default\">\n\t\t\t\t\t<div class=\"elementor-column elementor-col-100 elementor-top-column elementor-element elementor-element-f34c5f7\" data-id=\"f34c5f7\" data-element_type=\"column\" data-e-type=\"column\">\n\t\t\t<div class=\"elementor-widget-wrap elementor-element-populated\">\n\t\t\t\t\t\t<div class=\"elementor-element elementor-element-934ef09 elementor-grid-3 elementor-grid-tablet-2 elementor-grid-mobile-1 elementor-posts--thumbnail-top elementor-widget elementor-widget-posts\" data-id=\"934ef09\" data-element_type=\"widget\" data-e-type=\"widget\" data-settings=\"{&quot;classic_columns&quot;:&quot;3&quot;,&quot;classic_columns_tablet&quot;:&quot;2&quot;,&quot;classic_columns_mobile&quot;:&quot;1&quot;,&quot;classic_row_gap&quot;:{&quot;unit&quot;:&quot;px&quot;,&quot;size&quot;:35,&quot;sizes&quot;:[]},&quot;classic_row_gap_tablet&quot;:{&quot;unit&quot;:&quot;px&quot;,&quot;size&quot;:&quot;&quot;,&quot;sizes&quot;:[]},&quot;classic_row_gap_mobile&quot;:{&quot;unit&quot;:&quot;px&quot;,&quot;size&quot;:&quot;&quot;,&quot;sizes&quot;:[]}}\" data-widget_type=\"posts.classic\">\n\t\t\t\t<div class=\"elementor-widget-container\">\n\t\t\t\t\t\t\t<div class=\"elementor-posts-container elementor-posts elementor-posts--skin-classic elementor-grid\" role=\"list\">\n\t\t\t\t<article class=\"elementor-post elementor-grid-item post-1000914 post type-post status-publish format-standard has-post-thumbnail hentry category-sin-categorizar\" role=\"listitem\">\n\t\t\t\t<a class=\"elementor-post__thumbnail__link\" href=\"https:\/\/babelidiomes.com\/es\/la-importancia-de-acreditar-el-nivel-de-ingles-con-certificados-de-la-universidad-de-cambridge\/\" tabindex=\"-1\" >\n\t\t\t<div class=\"elementor-post__thumbnail\"><img fetchpriority=\"high\" decoding=\"async\" width=\"226\" height=\"300\" src=\"https:\/\/babelidiomes.com\/wp-content\/uploads\/2024\/06\/IMG_9905-226x300.jpg\" class=\"attachment-medium size-medium wp-image-1000909\" alt=\"\" srcset=\"https:\/\/babelidiomes.com\/wp-content\/uploads\/2024\/06\/IMG_9905-226x300.jpg 226w, https:\/\/babelidiomes.com\/wp-content\/uploads\/2024\/06\/IMG_9905-773x1024.jpg 773w, https:\/\/babelidiomes.com\/wp-content\/uploads\/2024\/06\/IMG_9905-768x1018.jpg 768w, https:\/\/babelidiomes.com\/wp-content\/uploads\/2024\/06\/IMG_9905-1159x1536.jpg 1159w, https:\/\/babelidiomes.com\/wp-content\/uploads\/2024\/06\/IMG_9905-1545x2048.jpg 1545w, https:\/\/babelidiomes.com\/wp-content\/uploads\/2024\/06\/IMG_9905-1360x1802.jpg 1360w, https:\/\/babelidiomes.com\/wp-content\/uploads\/2024\/06\/IMG_9905-680x901.jpg 680w, https:\/\/babelidiomes.com\/wp-content\/uploads\/2024\/06\/IMG_9905-scaled.jpg 1932w\" sizes=\"(max-width: 226px) 100vw, 226px\" \/><\/div>\n\t\t<\/a>\n\t\t\t\t<div class=\"elementor-post__text\">\n\t\t\t\t<h3 class=\"elementor-post__title\">\n\t\t\t<a href=\"https:\/\/babelidiomes.com\/es\/la-importancia-de-acreditar-el-nivel-de-ingles-con-certificados-de-la-universidad-de-cambridge\/\" >\n\t\t\t\tLa Importancia de Acreditar el Nivel de Ingl\u00e9s con Certificados de la Universidad de Cambridge\t\t\t<\/a>\n\t\t<\/h3>\n\t\t\t\t<div class=\"elementor-post__excerpt\">\n\t\t\t<p>En este mundo tan global en el que nos ha tocado vivir, tener un buen nivel de ingl\u00e9s se ha convertido en una necesidad imprescindible.<\/p>\n\t\t<\/div>\n\t\t\n\t\t<a class=\"elementor-post__read-more\" href=\"https:\/\/babelidiomes.com\/es\/la-importancia-de-acreditar-el-nivel-de-ingles-con-certificados-de-la-universidad-de-cambridge\/\" aria-label=\"M\u00e1s informaci\u00f3n sobre La Importancia de Acreditar el Nivel de Ingl\u00e9s con Certificados de la Universidad de Cambridge\" tabindex=\"-1\" >\n\t\t\t Leer m\u00e1s\t\t<\/a>\n\n\t\t\t\t<\/div>\n\t\t\t\t<\/article>\n\t\t\t\t<article class=\"elementor-post elementor-grid-item post-1000819 post type-post status-publish format-standard has-post-thumbnail hentry category-sin-categorizar\" role=\"listitem\">\n\t\t\t\t<a class=\"elementor-post__thumbnail__link\" href=\"https:\/\/babelidiomes.com\/es\/quina-es-la-millor-edat-per-comencar-a-aprendre-angles-2\/\" tabindex=\"-1\" >\n\t\t\t<div class=\"elementor-post__thumbnail\"><img decoding=\"async\" width=\"300\" height=\"225\" src=\"https:\/\/babelidiomes.com\/wp-content\/uploads\/2024\/05\/9990736c-3054-4e48-b1a9-6372798db4f9-300x225.jpg\" class=\"attachment-medium size-medium wp-image-1000821\" alt=\"\" srcset=\"https:\/\/babelidiomes.com\/wp-content\/uploads\/2024\/05\/9990736c-3054-4e48-b1a9-6372798db4f9-300x225.jpg 300w, https:\/\/babelidiomes.com\/wp-content\/uploads\/2024\/05\/9990736c-3054-4e48-b1a9-6372798db4f9-1024x768.jpg 1024w, https:\/\/babelidiomes.com\/wp-content\/uploads\/2024\/05\/9990736c-3054-4e48-b1a9-6372798db4f9-768x576.jpg 768w, https:\/\/babelidiomes.com\/wp-content\/uploads\/2024\/05\/9990736c-3054-4e48-b1a9-6372798db4f9-1536x1152.jpg 1536w, https:\/\/babelidiomes.com\/wp-content\/uploads\/2024\/05\/9990736c-3054-4e48-b1a9-6372798db4f9-1360x1020.jpg 1360w, https:\/\/babelidiomes.com\/wp-content\/uploads\/2024\/05\/9990736c-3054-4e48-b1a9-6372798db4f9-680x510.jpg 680w, https:\/\/babelidiomes.com\/wp-content\/uploads\/2024\/05\/9990736c-3054-4e48-b1a9-6372798db4f9.jpg 1600w\" sizes=\"(max-width: 300px) 100vw, 300px\" \/><\/div>\n\t\t<\/a>\n\t\t\t\t<div class=\"elementor-post__text\">\n\t\t\t\t<h3 class=\"elementor-post__title\">\n\t\t\t<a href=\"https:\/\/babelidiomes.com\/es\/quina-es-la-millor-edat-per-comencar-a-aprendre-angles-2\/\" >\n\t\t\t\t\u00bfCu\u00e1l es la mejor edad para empezar a aprender ingl\u00e9s?\t\t\t<\/a>\n\t\t<\/h3>\n\t\t\t\t<div class=\"elementor-post__excerpt\">\n\t\t\t<p>\u00bfEs cierta la afirmaci\u00f3n de que, para aprender ingl\u00e9s, cuanto antes mejor? En BABEL iniciamos el aprendizaje del ingl\u00e9s a partir de los 6 a\u00f1os<\/p>\n\t\t<\/div>\n\t\t\n\t\t<a class=\"elementor-post__read-more\" href=\"https:\/\/babelidiomes.com\/es\/quina-es-la-millor-edat-per-comencar-a-aprendre-angles-2\/\" aria-label=\"M\u00e1s informaci\u00f3n sobre \u00bfCu\u00e1l es la mejor edad para empezar a aprender ingl\u00e9s?\" tabindex=\"-1\" >\n\t\t\t Leer m\u00e1s\t\t<\/a>\n\n\t\t\t\t<\/div>\n\t\t\t\t<\/article>\n\t\t\t\t<article class=\"elementor-post elementor-grid-item post-1000758 post type-post status-publish format-standard has-post-thumbnail hentry category-sin-categorizar\" role=\"listitem\">\n\t\t\t\t<a class=\"elementor-post__thumbnail__link\" href=\"https:\/\/babelidiomes.com\/es\/cuanta-mas-formacion-mejor-insercion-laboral\/\" tabindex=\"-1\" >\n\t\t\t<div class=\"elementor-post__thumbnail\"><img decoding=\"async\" width=\"300\" height=\"201\" src=\"https:\/\/babelidiomes.com\/wp-content\/uploads\/2024\/03\/Linkedin-002-300x201.jpg\" class=\"attachment-medium size-medium wp-image-1000755\" alt=\"\" srcset=\"https:\/\/babelidiomes.com\/wp-content\/uploads\/2024\/03\/Linkedin-002-300x201.jpg 300w, https:\/\/babelidiomes.com\/wp-content\/uploads\/2024\/03\/Linkedin-002.jpg 661w\" sizes=\"(max-width: 300px) 100vw, 300px\" \/><\/div>\n\t\t<\/a>\n\t\t\t\t<div class=\"elementor-post__text\">\n\t\t\t\t<h3 class=\"elementor-post__title\">\n\t\t\t<a href=\"https:\/\/babelidiomes.com\/es\/cuanta-mas-formacion-mejor-insercion-laboral\/\" >\n\t\t\t\tCuanta m\u00e1s formaci\u00f3n, mejor inserci\u00f3n laboral\t\t\t<\/a>\n\t\t<\/h3>\n\t\t\t\t<div class=\"elementor-post__excerpt\">\n\t\t\t<p>Hemos encontrado muy interesante este art\u00edculo publicado en el diario Ara (08\/03\/24) sobre la inserci\u00f3n laboral en 2023, que confirma que el porcentaje de ocupaci\u00f3n<\/p>\n\t\t<\/div>\n\t\t\n\t\t<a class=\"elementor-post__read-more\" href=\"https:\/\/babelidiomes.com\/es\/cuanta-mas-formacion-mejor-insercion-laboral\/\" aria-label=\"M\u00e1s informaci\u00f3n sobre Cuanta m\u00e1s formaci\u00f3n, mejor inserci\u00f3n laboral\" tabindex=\"-1\" >\n\t\t\t Leer m\u00e1s\t\t<\/a>\n\n\t\t\t\t<\/div>\n\t\t\t\t<\/article>\n\t\t\t\t<article class=\"elementor-post elementor-grid-item post-998914 post type-post status-publish format-standard has-post-thumbnail hentry category-sin-categorizar\" role=\"listitem\">\n\t\t\t\t<a class=\"elementor-post__thumbnail__link\" href=\"https:\/\/babelidiomes.com\/es\/el-ingles-como-barrera-como-afectara-a-no-dominar-el-idioma-en-un-mundo-globalizado\/\" tabindex=\"-1\" >\n\t\t\t<div class=\"elementor-post__thumbnail\"><img loading=\"lazy\" decoding=\"async\" width=\"300\" height=\"212\" src=\"https:\/\/babelidiomes.com\/wp-content\/uploads\/2023\/06\/BABEL-CAPCALERES-300x212.png\" class=\"attachment-medium size-medium wp-image-998881\" alt=\"\" srcset=\"https:\/\/babelidiomes.com\/wp-content\/uploads\/2023\/06\/BABEL-CAPCALERES-300x212.png 300w, https:\/\/babelidiomes.com\/wp-content\/uploads\/2023\/06\/BABEL-CAPCALERES.png 680w\" sizes=\"(max-width: 300px) 100vw, 300px\" \/><\/div>\n\t\t<\/a>\n\t\t\t\t<div class=\"elementor-post__text\">\n\t\t\t\t<h3 class=\"elementor-post__title\">\n\t\t\t<a href=\"https:\/\/babelidiomes.com\/es\/el-ingles-como-barrera-como-afectara-a-no-dominar-el-idioma-en-un-mundo-globalizado\/\" >\n\t\t\t\tEl ingl\u00e9s como barrera: \u00bfc\u00f3mo afectar\u00e1 no dominar el idioma en un mundo globalizado?\t\t\t<\/a>\n\t\t<\/h3>\n\t\t\t\t<div class=\"elementor-post__excerpt\">\n\t\t\t<p>Vivimos en un mundo cada vez m\u00e1s interconectado y globalizado, donde el ingl\u00e9s se ha convertido en la lengua franca de la comunicaci\u00f3n internacional. Es<\/p>\n\t\t<\/div>\n\t\t\n\t\t<a class=\"elementor-post__read-more\" href=\"https:\/\/babelidiomes.com\/es\/el-ingles-como-barrera-como-afectara-a-no-dominar-el-idioma-en-un-mundo-globalizado\/\" aria-label=\"M\u00e1s informaci\u00f3n sobre El ingl\u00e9s como barrera: \u00bfc\u00f3mo afectar\u00e1 no dominar el idioma en un mundo globalizado?\" tabindex=\"-1\" >\n\t\t\t Leer m\u00e1s\t\t<\/a>\n\n\t\t\t\t<\/div>\n\t\t\t\t<\/article>\n\t\t\t\t<article class=\"elementor-post elementor-grid-item post-998912 post type-post status-publish format-standard has-post-thumbnail hentry category-sin-categorizar\" role=\"listitem\">\n\t\t\t\t<a class=\"elementor-post__thumbnail__link\" href=\"https:\/\/babelidiomes.com\/es\/una-base-solida-de-ingles-la-clave-para-un-futuro-sin-limites\/\" tabindex=\"-1\" >\n\t\t\t<div class=\"elementor-post__thumbnail\"><img loading=\"lazy\" decoding=\"async\" width=\"300\" height=\"212\" src=\"https:\/\/babelidiomes.com\/wp-content\/uploads\/2023\/06\/BABEL-CAPCALERES-1-300x212.png\" class=\"attachment-medium size-medium wp-image-998883\" alt=\"\" srcset=\"https:\/\/babelidiomes.com\/wp-content\/uploads\/2023\/06\/BABEL-CAPCALERES-1-300x212.png 300w, https:\/\/babelidiomes.com\/wp-content\/uploads\/2023\/06\/BABEL-CAPCALERES-1.png 680w\" sizes=\"(max-width: 300px) 100vw, 300px\" \/><\/div>\n\t\t<\/a>\n\t\t\t\t<div class=\"elementor-post__text\">\n\t\t\t\t<h3 class=\"elementor-post__title\">\n\t\t\t<a href=\"https:\/\/babelidiomes.com\/es\/una-base-solida-de-ingles-la-clave-para-un-futuro-sin-limites\/\" >\n\t\t\t\tUna base s\u00f3lida de ingl\u00e9s: la clave para un futuro sin l\u00edmites\t\t\t<\/a>\n\t\t<\/h3>\n\t\t\t\t<div class=\"elementor-post__excerpt\">\n\t\t\t<p>El ingl\u00e9s es considerado universalmente como una de las lenguas m\u00e1s importantes e influyentes en el mundo actual. Es la lengua de los negocios internacionales,<\/p>\n\t\t<\/div>\n\t\t\n\t\t<a class=\"elementor-post__read-more\" href=\"https:\/\/babelidiomes.com\/es\/una-base-solida-de-ingles-la-clave-para-un-futuro-sin-limites\/\" aria-label=\"M\u00e1s informaci\u00f3n sobre Una base s\u00f3lida de ingl\u00e9s: la clave para un futuro sin l\u00edmites\" tabindex=\"-1\" >\n\t\t\t Leer m\u00e1s\t\t<\/a>\n\n\t\t\t\t<\/div>\n\t\t\t\t<\/article>\n\t\t\t\t<article class=\"elementor-post elementor-grid-item post-993693 post type-post status-publish format-standard has-post-thumbnail hentry category-actualidad-del-centro\" role=\"listitem\">\n\t\t\t\t<a class=\"elementor-post__thumbnail__link\" href=\"https:\/\/babelidiomes.com\/es\/cursos-online\/\" tabindex=\"-1\" >\n\t\t\t<div class=\"elementor-post__thumbnail\"><img loading=\"lazy\" decoding=\"async\" width=\"300\" height=\"174\" src=\"https:\/\/babelidiomes.com\/wp-content\/uploads\/2021\/07\/campus-300x174.png\" class=\"attachment-medium size-medium wp-image-990249\" alt=\"\" srcset=\"https:\/\/babelidiomes.com\/wp-content\/uploads\/2021\/07\/campus-300x174.png 300w, https:\/\/babelidiomes.com\/wp-content\/uploads\/2021\/07\/campus-680x395.png 680w, https:\/\/babelidiomes.com\/wp-content\/uploads\/2021\/07\/campus-768x446.png 768w, https:\/\/babelidiomes.com\/wp-content\/uploads\/2021\/07\/campus.png 1000w\" sizes=\"(max-width: 300px) 100vw, 300px\" \/><\/div>\n\t\t<\/a>\n\t\t\t\t<div class=\"elementor-post__text\">\n\t\t\t\t<h3 class=\"elementor-post__title\">\n\t\t\t<a href=\"https:\/\/babelidiomes.com\/es\/cursos-online\/\" >\n\t\t\t\tCursos online\t\t\t<\/a>\n\t\t<\/h3>\n\t\t\t\t<div class=\"elementor-post__excerpt\">\n\t\t\t<p>Empiezan las clases online.<\/p>\n\t\t<\/div>\n\t\t\n\t\t<a class=\"elementor-post__read-more\" href=\"https:\/\/babelidiomes.com\/es\/cursos-online\/\" aria-label=\"M\u00e1s informaci\u00f3n sobre Cursos online\" tabindex=\"-1\" >\n\t\t\t Leer m\u00e1s\t\t<\/a>\n\n\t\t\t\t<\/div>\n\t\t\t\t<\/article>\n\t\t\t\t<\/div>\n\t\t\n\t\t\t\t\t\t<\/div>\n\t\t\t\t<\/div>\n\t\t\t\t\t<\/div>\n\t\t<\/div>\n\t\t\t\t\t<\/div>\n\t\t<\/section>\n\t\t\t\t<section class=\"elementor-section elementor-top-section elementor-element elementor-element-c4736f1 elementor-section-boxed elementor-section-height-default elementor-section-height-default\" data-id=\"c4736f1\" data-element_type=\"section\" data-e-type=\"section\">\n\t\t\t\t\t\t<div class=\"elementor-container elementor-column-gap-default\">\n\t\t\t\t\t<div class=\"elementor-column elementor-col-33 elementor-top-column elementor-element elementor-element-249aafc\" data-id=\"249aafc\" data-element_type=\"column\" data-e-type=\"column\">\n\t\t\t<div class=\"elementor-widget-wrap elementor-element-populated\">\n\t\t\t\t\t\t<div class=\"elementor-element elementor-element-19c40a5 elementor-widget elementor-widget-image\" data-id=\"19c40a5\" data-element_type=\"widget\" data-e-type=\"widget\" data-widget_type=\"image.default\">\n\t\t\t\t<div class=\"elementor-widget-container\">\n\t\t\t\t\t\t\t\t\t\t\t\t\t\t\t<img decoding=\"async\" src=\"https:\/\/babelidiomes.com\/wp-content\/uploads\/2023\/03\/Baix-nivell.png\" title=\"\" alt=\"\" loading=\"lazy\" \/>\t\t\t\t\t\t\t\t\t\t\t\t\t\t\t<\/div>\n\t\t\t\t<\/div>\n\t\t\t\t\t<\/div>\n\t\t<\/div>\n\t\t\t\t<div class=\"elementor-column elementor-col-33 elementor-top-column elementor-element elementor-element-67b1d0e\" data-id=\"67b1d0e\" data-element_type=\"column\" data-e-type=\"column\">\n\t\t\t<div class=\"elementor-widget-wrap\">\n\t\t\t\t\t\t\t<\/div>\n\t\t<\/div>\n\t\t\t\t<div class=\"elementor-column elementor-col-33 elementor-top-column elementor-element elementor-element-5ee095d\" data-id=\"5ee095d\" data-element_type=\"column\" data-e-type=\"column\">\n\t\t\t<div class=\"elementor-widget-wrap\">\n\t\t\t\t\t\t\t<\/div>\n\t\t<\/div>\n\t\t\t\t\t<\/div>\n\t\t<\/section>\n\t\t\t\t<\/div>\n\t\t","protected":false},"excerpt":{"rendered":"<p>Actualidad y noticias de inter\u00e9s de Babel Idiomes<\/p>\n","protected":false},"author":1,"featured_media":0,"parent":0,"menu_order":0,"comment_status":"closed","ping_status":"closed","template":"","meta":{"footnotes":""},"class_list":["post-990830","page","type-page","status-publish","hentry"],"_links":{"self":[{"href":"https:\/\/babelidiomes.com\/es\/wp-json\/wp\/v2\/pages\/990830","targetHints":{"allow":["GET"]}}],"collection":[{"href":"https:\/\/babelidiomes.com\/es\/wp-json\/wp\/v2\/pages"}],"about":[{"href":"https:\/\/babelidiomes.com\/es\/wp-json\/wp\/v2\/types\/page"}],"author":[{"embeddable":true,"href":"https:\/\/babelidiomes.com\/es\/wp-json\/wp\/v2\/users\/1"}],"replies":[{"embeddable":true,"href":"https:\/\/babelidiomes.com\/es\/wp-json\/wp\/v2\/comments?post=990830"}],"version-history":[{"count":0,"href":"https:\/\/babelidiomes.com\/es\/wp-json\/wp\/v2\/pages\/990830\/revisions"}],"wp:attachment":[{"href":"https:\/\/babelidiomes.com\/es\/wp-json\/wp\/v2\/media?parent=990830"}],"curies":[{"name":"wp","href":"https:\/\/api.w.org\/{rel}","templated":true}]}}