{"id":990704,"date":"2020-02-15T16:16:23","date_gmt":"2021-10-25T10:28:14","guid":{"rendered":"https:\/\/babelidiomes.com\/cursos\/cursos-para-ninos-y-ninas\/"},"modified":"2023-06-30T10:33:38","modified_gmt":"2023-06-30T08:33:38","slug":"cursos-para-ninos-y-ninas","status":"publish","type":"product","link":"https:\/\/babelidiomes.com\/es\/producte\/cursos-para-ninos-y-ninas\/","title":{"rendered":"Cursos para ni\u00f1os y ni\u00f1as"},"content":{"rendered":"\t\t<div data-elementor-type=\"product-post\" data-elementor-id=\"990704\" class=\"elementor elementor-990704 elementor-8137\" data-elementor-post-type=\"product\">\n\t\t\t\t\t\t<section class=\"elementor-section elementor-top-section elementor-element elementor-element-13bf36a8 elementor-section-boxed elementor-section-height-default elementor-section-height-default\" data-id=\"13bf36a8\" data-element_type=\"section\" data-e-type=\"section\" id=\"el-curs\">\n\t\t\t\t\t\t<div class=\"elementor-container elementor-column-gap-default\">\n\t\t\t\t\t<div class=\"elementor-column elementor-col-100 elementor-top-column elementor-element elementor-element-2d85be63\" data-id=\"2d85be63\" data-element_type=\"column\" data-e-type=\"column\">\n\t\t\t<div class=\"elementor-widget-wrap elementor-element-populated\">\n\t\t\t\t\t\t<div class=\"elementor-element elementor-element-ea319ba elementor-widget elementor-widget-text-editor\" data-id=\"ea319ba\" data-element_type=\"widget\" data-e-type=\"widget\" data-widget_type=\"text-editor.default\">\n\t\t\t\t<div class=\"elementor-widget-container\">\n\t\t\t\t\t\t\t\t\t<p><strong>El objetivo principal de nuestros cursos es hacer que los ni\u00f1os y ni\u00f1as tengan una actitud positiva hacia el ingl\u00e9s desde el primer d\u00eda, en un ambiente agradable como el de nuestra escuela. Tot aix\u00f2 ho aconseguim mitjan\u00e7ant activitats l\u00fadiques i divertides que els permeten gaudir aprenent una llengua que, en un principi \u2013nom\u00e9s en un principi- els \u00e9s totalment nova. Y poco a poco, aprovechando aquella curiosidad innata que tienen los ni\u00f1os a estas edades, van cogiendo confianza y se sienten m\u00e1s seguros, entendiendo y expres\u00e1ndose en aquella lengua que cada vez los motiva m\u00e1s.<\/strong><\/p>\n\t\t\t\t\t\t\t\t<\/div>\n\t\t\t\t<\/div>\n\t\t\t\t<div class=\"elementor-element elementor-element-6c26bd8 elementor-widget elementor-widget-text-editor\" data-id=\"6c26bd8\" data-element_type=\"widget\" data-e-type=\"widget\" data-widget_type=\"text-editor.default\">\n\t\t\t\t<div class=\"elementor-widget-container\">\n\t\t\t\t\t\t\t\t\t<p><span style=\"font-weight: 400;\">Las ganas de aprender y saber de un ni\u00f1o o ni\u00f1a son ilimitadas \u00a1y esto nos encanta! Queremos que les GUSTE escuchar, cantar, leer, y, sobre todo, hablar en ingl\u00e9s. Queremos que est\u00e9n CONTENTOS cuando ven que hablan en ingl\u00e9s y sus compa\u00f1eros y compa\u00f1eras los entienden, que les haga ilusi\u00f3n ense\u00f1ar a sus padres y a sus madres lo que saben decir. Para que esto sea as\u00ed, contamos con un equipo de profesores y profesoras implicados al 100% e ilusionados en conseguir que los peque\u00f1os se lo pasen bien en nuestra escuela mientras empiezan a interiorizar palabras, expresiones, etc., y siempre dando especial importancia al aspecto comunicativo y a la fon\u00e9tica, aspectos que consideramos muy importantes a estas edades y b\u00e1sicos para tener una buena pronunciaci\u00f3n desde el principio. <\/span><\/p>\n<p><span style=\"font-weight: 400;\">En Babel Idiomes empezamos el aprendizaje del ingl\u00e9s a partir de 6 a\u00f1os (1\u00ba EP). \u00bfPor qu\u00e9 a esta edad? Bas\u00e1ndonos en dos aspectos fundamentales:<\/span><\/p>\n\t\t\t\t\t\t\t\t<\/div>\n\t\t\t\t<\/div>\n\t\t\t\t<div class=\"elementor-element elementor-element-e1a2134 elementor-position-inline-start elementor-view-default elementor-mobile-position-block-start elementor-widget elementor-widget-icon-box\" data-id=\"e1a2134\" data-element_type=\"widget\" data-e-type=\"widget\" data-widget_type=\"icon-box.default\">\n\t\t\t\t<div class=\"elementor-widget-container\">\n\t\t\t\t\t\t\t\t\t<div  class=\"elementor-icon-box-wrapper\">\n\t\t\t\t\t\t\t\t\t\t<div class=\"elementor-icon-box-icon\">\n\t\t\t\t\t\t<span class=\"elementor-icon elementor-animation-\" >\n\t\t\t\t\t\t<i aria-hidden=\"true\" class=\"fas fa-check-circle\"><\/i>\t\t\t\t\t\t<\/span>\n\t\t\t\t\t<\/div>\n\t\t\t\t\t\t\t\t\t\t<div class=\"elementor-icon-box-content\">\n\t\t\t\t\t\t<div class=\"elementor-icon-box-title\">\n\t\t\t\t\t\t\t<span ><\/span>\n\t\t\t\t\t\t<\/div>\n\t\t\t\t\t\t\t\t\t\t\t\t<p class=\"elementor-icon-box-description\">Diversos estudios del Grupo de Investigaci\u00f3n en Adquisici\u00f3n de Lenguas de la Universidad de Barcelona (GRAL) avalan que no tiene sentido empezar desde muy peque\u00f1os con una exposici\u00f3n a la lengua limitada como pueden ser unas sesiones extraescolares. Si habl\u00e1semos de inmersi\u00f3n total (como podr\u00eda ser ir a vivir a un pa\u00eds extranjero), entonces s\u00ed que valdr\u00eda claramente la pena empezar antes el aprendizaje. \n<\/p>\n\t\t\t\t\t\t\t\t\t\t\t<\/div>\n\t\t\t\t<\/div>\n\t\t\t\t\t\t\t\t<\/div>\n\t\t\t\t<\/div>\n\t\t\t\t<div class=\"elementor-element elementor-element-792fd06 elementor-position-inline-start elementor-view-default elementor-mobile-position-block-start elementor-widget elementor-widget-icon-box\" data-id=\"792fd06\" data-element_type=\"widget\" data-e-type=\"widget\" data-widget_type=\"icon-box.default\">\n\t\t\t\t<div class=\"elementor-widget-container\">\n\t\t\t\t\t\t\t\t\t<div  class=\"elementor-icon-box-wrapper\">\n\t\t\t\t\t\t\t\t\t\t<div class=\"elementor-icon-box-icon\">\n\t\t\t\t\t\t<span class=\"elementor-icon elementor-animation-\" >\n\t\t\t\t\t\t<i aria-hidden=\"true\" class=\"fas fa-check-circle\"><\/i>\t\t\t\t\t\t<\/span>\n\t\t\t\t\t<\/div>\n\t\t\t\t\t\t\t\t\t\t<div class=\"elementor-icon-box-content\">\n\t\t\t\t\t\t<div class=\"elementor-icon-box-title\">\n\t\t\t\t\t\t\t<span ><\/span>\n\t\t\t\t\t\t<\/div>\n\t\t\t\t\t\t\t\t\t\t\t\t<p class=\"elementor-icon-box-description\">Nuestra experiencia de m\u00e1s de 35 a\u00f1os ense\u00f1ando a ni\u00f1os y ni\u00f1as y viendo y analizando su progreso a medida que han ido creciendo en nuestra escuela.<\/p>\n\t\t\t\t\t\t\t\t\t\t\t<\/div>\n\t\t\t\t<\/div>\n\t\t\t\t\t\t\t\t<\/div>\n\t\t\t\t<\/div>\n\t\t\t\t<div class=\"elementor-element elementor-element-140fade elementor-invisible elementor-widget elementor-widget-heading\" data-id=\"140fade\" data-element_type=\"widget\" data-e-type=\"widget\" data-settings=\"{&quot;_animation&quot;:&quot;fadeIn&quot;,&quot;_animation_delay&quot;:300}\" data-widget_type=\"heading.default\">\n\t\t\t\t<div class=\"elementor-widget-container\">\n\t\t\t\t\t<h3 class=\"elementor-heading-title elementor-size-default\">Niveles\n<\/h3>\t\t\t\t<\/div>\n\t\t\t\t<\/div>\n\t\t\t\t<div class=\"elementor-element elementor-element-7266f88 elementor-widget elementor-widget-text-editor\" data-id=\"7266f88\" data-element_type=\"widget\" data-e-type=\"widget\" data-widget_type=\"text-editor.default\">\n\t\t\t\t<div class=\"elementor-widget-container\">\n\t\t\t\t\t\t\t\t\t<p><span style=\"font-weight: 400;\">Para que se sientan a gusto desde el primer momento, los agrupamos por edades durante los primeros a\u00f1os de aprendizaje:<\/span><\/p>\n\t\t\t\t\t\t\t\t<\/div>\n\t\t\t\t<\/div>\n\t\t\t\t<div class=\"elementor-element elementor-element-426d9e3 elementor-align-start elementor-icon-list--layout-traditional elementor-list-item-link-full_width elementor-widget elementor-widget-icon-list\" data-id=\"426d9e3\" data-element_type=\"widget\" data-e-type=\"widget\" data-widget_type=\"icon-list.default\">\n\t\t\t\t<div class=\"elementor-widget-container\">\n\t\t\t\t\t\t\t<ul class=\"elementor-icon-list-items\">\n\t\t\t\t\t\t\t<li class=\"elementor-icon-list-item\">\n\t\t\t\t\t\t\t\t\t\t\t<span class=\"elementor-icon-list-icon\">\n\t\t\t\t\t\t\t<i aria-hidden=\"true\" class=\"fas fa-circle\"><\/i>\t\t\t\t\t\t<\/span>\n\t\t\t\t\t\t\t\t\t\t<span class=\"elementor-icon-list-text\">Kids \u2013 6 a\u00f1os (1\u00ba de primaria)<\/span>\n\t\t\t\t\t\t\t\t\t<\/li>\n\t\t\t\t\t\t\t\t<li class=\"elementor-icon-list-item\">\n\t\t\t\t\t\t\t\t\t\t\t<span class=\"elementor-icon-list-icon\">\n\t\t\t\t\t\t\t<i aria-hidden=\"true\" class=\"fas fa-circle\"><\/i>\t\t\t\t\t\t<\/span>\n\t\t\t\t\t\t\t\t\t\t<span class=\"elementor-icon-list-text\">Infantil 1 \u2013 7 a\u00f1os (2\u00ba de primaria)<\/span>\n\t\t\t\t\t\t\t\t\t<\/li>\n\t\t\t\t\t\t\t\t<li class=\"elementor-icon-list-item\">\n\t\t\t\t\t\t\t\t\t\t\t<span class=\"elementor-icon-list-icon\">\n\t\t\t\t\t\t\t<i aria-hidden=\"true\" class=\"fas fa-circle\"><\/i>\t\t\t\t\t\t<\/span>\n\t\t\t\t\t\t\t\t\t\t<span class=\"elementor-icon-list-text\">Infantil 2 \u2013 8 a\u00f1os (3\u00ba de primaria)<\/span>\n\t\t\t\t\t\t\t\t\t<\/li>\n\t\t\t\t\t\t\t\t<li class=\"elementor-icon-list-item\">\n\t\t\t\t\t\t\t\t\t\t\t<span class=\"elementor-icon-list-icon\">\n\t\t\t\t\t\t\t<i aria-hidden=\"true\" class=\"fas fa-circle\"><\/i>\t\t\t\t\t\t<\/span>\n\t\t\t\t\t\t\t\t\t\t<span class=\"elementor-icon-list-text\">Juniors 1 \u2013 9 a\u00f1os (4\u00ba de primaria)<\/span>\n\t\t\t\t\t\t\t\t\t<\/li>\n\t\t\t\t\t\t\t\t<li class=\"elementor-icon-list-item\">\n\t\t\t\t\t\t\t\t\t\t\t<span class=\"elementor-icon-list-icon\">\n\t\t\t\t\t\t\t<i aria-hidden=\"true\" class=\"fas fa-circle\"><\/i>\t\t\t\t\t\t<\/span>\n\t\t\t\t\t\t\t\t\t\t<span class=\"elementor-icon-list-text\">Juniors 2 \u2013 10 a\u00f1os (5\u00ba de primaria)<\/span>\n\t\t\t\t\t\t\t\t\t<\/li>\n\t\t\t\t\t\t<\/ul>\n\t\t\t\t\t\t<\/div>\n\t\t\t\t<\/div>\n\t\t\t\t<div class=\"elementor-element elementor-element-d420733 elementor-widget elementor-widget-text-editor\" data-id=\"d420733\" data-element_type=\"widget\" data-e-type=\"widget\" data-widget_type=\"text-editor.default\">\n\t\t\t\t<div class=\"elementor-widget-container\">\n\t\t\t\t\t\t\t\t\t<p><span style=\"font-weight: 400;\">Desde Kids hasta Juniors 1, las clases son de 1,5 horas por semana en una sola sesi\u00f3n.<\/span><\/p>\n<p><span style=\"font-weight: 400;\">A partir de Juniors 2, las clases ya son de 3 horas por semana en dos sesiones.<\/span><\/p>\n\t\t\t\t\t\t\t\t<\/div>\n\t\t\t\t<\/div>\n\t\t\t\t<div class=\"elementor-element elementor-element-803b434 elementor-invisible elementor-widget elementor-widget-heading\" data-id=\"803b434\" data-element_type=\"widget\" data-e-type=\"widget\" data-settings=\"{&quot;_animation&quot;:&quot;fadeIn&quot;,&quot;_animation_delay&quot;:300}\" data-widget_type=\"heading.default\">\n\t\t\t\t<div class=\"elementor-widget-container\">\n\t\t\t\t\t<h3 class=\"elementor-heading-title elementor-size-default\">Informes trimestrales y relaci\u00f3n familia\u2013escuela\n\n<\/h3>\t\t\t\t<\/div>\n\t\t\t\t<\/div>\n\t\t\t\t<div class=\"elementor-element elementor-element-d02d5a4 elementor-widget elementor-widget-text-editor\" data-id=\"d02d5a4\" data-element_type=\"widget\" data-e-type=\"widget\" data-widget_type=\"text-editor.default\">\n\t\t\t\t<div class=\"elementor-widget-container\">\n\t\t\t\t\t\t\t\t\t<p><span style=\"font-weight: 400;\">Nuestro profesorado, especializado en la ense\u00f1anza del ingl\u00e9s a ni\u00f1os y ni\u00f1as, hace un seguimiento individual y personal de cada alumno\/a porqu\u00e9 cada ni\u00f1o y ni\u00f1a es diferente, aprende a su ritmo y recibe la experiencia que supone profundizar en otra lengua de una manera diferente: ni mejor ni peor, sencillamente diferente. Es por ello que en Babel Idiomes consideramos que es b\u00e1sico el contacto con las familias para ir viendo el progreso del ni\u00f1o\/a. Hacemos reuniones presenciales u online individualizadas con los padres y madres para entregarles el informe trimestral, donde ver\u00e1n las \u00e1reas tem\u00e1ticas trabajadas, y comentar c\u00f3mo va el curso. La informaci\u00f3n que recibimos por parte de las familias es ESENCIAL para nosotros y solo as\u00ed podremos avanzar juntos en este proyecto a largo plazo que en BABEL empieza a los 6 a\u00f1os. <\/span><\/p>\n\t\t\t\t\t\t\t\t<\/div>\n\t\t\t\t<\/div>\n\t\t\t\t<div class=\"elementor-element elementor-element-a4debc2 elementor-invisible elementor-widget elementor-widget-heading\" data-id=\"a4debc2\" data-element_type=\"widget\" data-e-type=\"widget\" data-settings=\"{&quot;_animation&quot;:&quot;fadeIn&quot;,&quot;_animation_delay&quot;:300}\" data-widget_type=\"heading.default\">\n\t\t\t\t<div class=\"elementor-widget-container\">\n\t\t\t\t\t<h3 class=\"elementor-heading-title elementor-size-default\">Material did\u00e1ctico\n\n<\/h3>\t\t\t\t<\/div>\n\t\t\t\t<\/div>\n\t\t\t\t<div class=\"elementor-element elementor-element-7d7306b elementor-widget elementor-widget-text-editor\" data-id=\"7d7306b\" data-element_type=\"widget\" data-e-type=\"widget\" data-widget_type=\"text-editor.default\">\n\t\t\t\t<div class=\"elementor-widget-container\">\n\t\t\t\t\t\t\t\t\t<p><span style=\"font-weight: 400;\">En nuestro centro de idiomas estamos al d\u00eda en las \u00faltimas novedades y, por ello, incorporando las nuevas tecnolog\u00edas, utilizamos siempre el material m\u00e1s actual, adecuado para cada nivel y adaptado a las diferentes tipolog\u00edas de nuestros alumnos. Para mayor comodidad para las familias, el material se puede comprar en Babel Idiomes.<\/span><\/p>\n\t\t\t\t\t\t\t\t<\/div>\n\t\t\t\t<\/div>\n\t\t\t\t<div class=\"elementor-element elementor-element-4d1b0ae elementor-invisible elementor-widget elementor-widget-heading\" data-id=\"4d1b0ae\" data-element_type=\"widget\" data-e-type=\"widget\" data-settings=\"{&quot;_animation&quot;:&quot;fadeIn&quot;,&quot;_animation_delay&quot;:300}\" data-widget_type=\"heading.default\">\n\t\t\t\t<div class=\"elementor-widget-container\">\n\t\t\t\t\t<h3 class=\"elementor-heading-title elementor-size-default\">Calendario y horarios\n<\/h3>\t\t\t\t<\/div>\n\t\t\t\t<\/div>\n\t\t\t\t<div class=\"elementor-element elementor-element-1fa9838 elementor-widget elementor-widget-text-editor\" data-id=\"1fa9838\" data-element_type=\"widget\" data-e-type=\"widget\" data-widget_type=\"text-editor.default\">\n\t\t\t\t<div class=\"elementor-widget-container\">\n\t\t\t\t\t\t\t\t\t<p><span style=\"font-weight: 400;\">De Kids a Juniors 1, nuestro programa consta, aproximadamente, de 55 horas de clase (grupos de 1,5 h por semana) y tiene una estructura similar a la del curso escolar, es decir, desde la tercera semana de setiembre hasta junio, con vacaciones por Navidad, Semana Santa y los d\u00edas festivos correspondientes. A partir de Juniors 2, el curso es aproximadamente de 110 horas (3 horas por semana). Nuestros grupos tienen la matr\u00edcula abierta durante todo el a\u00f1o escolar, por lo que puede haber nuevas incorporaciones en cualquier momento. Adem\u00e1s el alumno\/a podr\u00e1 cambiar de horario (con la condici\u00f3n de que haya plazas libres en el nuevo horario deseado).<\/span><\/p>\n\t\t\t\t\t\t\t\t<\/div>\n\t\t\t\t<\/div>\n\t\t\t\t\t<\/div>\n\t\t<\/div>\n\t\t\t\t\t<\/div>\n\t\t<\/section>\n\t\t\t\t<section class=\"elementor-section elementor-top-section elementor-element elementor-element-05c3516 elementor-section-boxed elementor-section-height-default elementor-section-height-default\" data-id=\"05c3516\" data-element_type=\"section\" data-e-type=\"section\">\n\t\t\t\t\t\t<div class=\"elementor-container elementor-column-gap-default\">\n\t\t\t\t\t<div class=\"elementor-column elementor-col-100 elementor-top-column elementor-element elementor-element-fb8681f\" data-id=\"fb8681f\" data-element_type=\"column\" data-e-type=\"column\">\n\t\t\t<div class=\"elementor-widget-wrap\">\n\t\t\t\t\t\t\t<\/div>\n\t\t<\/div>\n\t\t\t\t\t<\/div>\n\t\t<\/section>\n\t\t\t\t<\/div>\n\t\t","protected":false},"excerpt":{"rendered":"<p>El objetivo principal de nuestros cursos es hacer que los ni\u00f1os y ni\u00f1as tengan una actitud positiva hacia el ingl\u00e9s desde el primer d\u00eda, en un ambiente agradable como el de nuestra escuela. Tot aix\u00f2 ho aconseguim mitjan\u00e7ant activitats l\u00fadiques i divertides que els permeten gaudir aprenent una llengua que, en un principi \u2013nom\u00e9s en&#8230;<\/p>\n","protected":false},"featured_media":990193,"template":"","meta":[],"product_brand":[],"product_cat":[104],"product_tag":[],"class_list":{"0":"post-990704","1":"product","2":"type-product","3":"status-publish","4":"has-post-thumbnail","6":"product_cat-ingles","8":"first","9":"instock","10":"taxable","11":"shipping-taxable","12":"product-type-simple"},"_links":{"self":[{"href":"https:\/\/babelidiomes.com\/es\/wp-json\/wp\/v2\/product\/990704","targetHints":{"allow":["GET"]}}],"collection":[{"href":"https:\/\/babelidiomes.com\/es\/wp-json\/wp\/v2\/product"}],"about":[{"href":"https:\/\/babelidiomes.com\/es\/wp-json\/wp\/v2\/types\/product"}],"version-history":[{"count":0,"href":"https:\/\/babelidiomes.com\/es\/wp-json\/wp\/v2\/product\/990704\/revisions"}],"wp:featuredmedia":[{"embeddable":true,"href":"https:\/\/babelidiomes.com\/es\/wp-json\/wp\/v2\/media\/990193"}],"wp:attachment":[{"href":"https:\/\/babelidiomes.com\/es\/wp-json\/wp\/v2\/media?parent=990704"}],"wp:term":[{"taxonomy":"product_brand","embeddable":true,"href":"https:\/\/babelidiomes.com\/es\/wp-json\/wp\/v2\/product_brand?post=990704"},{"taxonomy":"product_cat","embeddable":true,"href":"https:\/\/babelidiomes.com\/es\/wp-json\/wp\/v2\/product_cat?post=990704"},{"taxonomy":"product_tag","embeddable":true,"href":"https:\/\/babelidiomes.com\/es\/wp-json\/wp\/v2\/product_tag?post=990704"}],"curies":[{"name":"wp","href":"https:\/\/api.w.org\/{rel}","templated":true}]}}