{"id":990727,"date":"2021-05-19T16:30:31","date_gmt":"2021-10-25T10:45:50","guid":{"rendered":"https:\/\/babelidiomes.com\/cursos\/cursos-para-adolescentes\/"},"modified":"2025-05-29T19:35:49","modified_gmt":"2025-05-29T17:35:49","slug":"cursos-para-adolescentes","status":"publish","type":"product","link":"https:\/\/babelidiomes.com\/es\/producte\/cursos-para-adolescentes\/","title":{"rendered":"Cursos para adolescentes"},"content":{"rendered":"\t\t<div data-elementor-type=\"product-post\" data-elementor-id=\"990727\" class=\"elementor elementor-990727 elementor-988078\" data-elementor-post-type=\"product\">\n\t\t\t\t\t\t<section class=\"elementor-section elementor-top-section elementor-element elementor-element-13bf36a8 elementor-section-boxed elementor-section-height-default elementor-section-height-default\" data-id=\"13bf36a8\" data-element_type=\"section\" data-e-type=\"section\">\n\t\t\t\t\t\t<div class=\"elementor-container elementor-column-gap-default\">\n\t\t\t\t\t<div class=\"elementor-column elementor-col-100 elementor-top-column elementor-element elementor-element-2d85be63\" data-id=\"2d85be63\" data-element_type=\"column\" data-e-type=\"column\">\n\t\t\t<div class=\"elementor-widget-wrap elementor-element-populated\">\n\t\t\t\t\t\t<div class=\"elementor-element elementor-element-ea319ba elementor-widget elementor-widget-text-editor\" data-id=\"ea319ba\" data-element_type=\"widget\" data-e-type=\"widget\" data-widget_type=\"text-editor.default\">\n\t\t\t\t<div class=\"elementor-widget-container\">\n\t\t\t\t\t\t\t\t\t\u00bfQu\u00e9 tenemos que decir de la adolescencia? Esta etapa intermedia entre la infancia y la edad adulta es un momento lleno de cambios para chicos y chicas, tanto a nivel f\u00edsico como emocional, que puede ser una etapa dif\u00edcil pero tambi\u00e9n APASIONANTE. En Babel Idiomes, a pesar de la complejidad que a veces puede existir y que no negaremos, \u00a1nos encantan los adolescentes!!! Y queremos ofrecerles un ambiente relajado, agradable y para nada estresante, donde vengan convencidos de lo que hacen en nuestra escuela. A pesar de su juventud, son conscientes de las ventajas que les supone el hecho de hablar una \u2013o idealmente m\u00e1s de una- lengua extranjera, y actualmente, por encima de todas, el ingl\u00e9s.\t\t\t\t\t\t\t\t<\/div>\n\t\t\t\t<\/div>\n\t\t\t\t<div class=\"elementor-element elementor-element-6c26bd8 elementor-widget elementor-widget-text-editor\" data-id=\"6c26bd8\" data-element_type=\"widget\" data-e-type=\"widget\" data-widget_type=\"text-editor.default\">\n\t\t\t\t<div class=\"elementor-widget-container\">\n\t\t\t\t\t\t\t\t\t<p>La gran mayor\u00eda de adolescentes ya tiene bastante contacto con el ingl\u00e9s en su d\u00eda a d\u00eda, y de motivaci\u00f3n para aprenderlo no les falta, ya sea porqu\u00e9 les gusta mirar series o pel\u00edculas en versi\u00f3n original, o porqu\u00e9 siguen a alg\u00fan youtuber o influencer que habla ingl\u00e9s, etc. El mundo se est\u00e1 volviendo peque\u00f1o en este aspecto, las distancias son cada vez m\u00e1s cortas \u00a1y lo hemos de aprovechar! En Babel Idiomes queremos darles el empuj\u00f3n que necesitan para ir mejorando cada d\u00eda hasta conseguir dominar la lengua con fluidez y ganar confianza a medida que van progresando. <\/p><p><span style=\"font-weight: 400;\">En esta etapa, los niveles que ofrecemos en Babel Idiomes ya no vienen determinados con la edad de los estudiantes, sino que nos basamos en los conocimientos adquiridos previamente con la ayuda de un TEST DE NIVEL que se realiza en el momento de la inscripci\u00f3n en nuestra escuela.<\/span><\/p>\t\t\t\t\t\t\t\t<\/div>\n\t\t\t\t<\/div>\n\t\t\t\t<div class=\"elementor-element elementor-element-140fade elementor-invisible elementor-widget elementor-widget-heading\" data-id=\"140fade\" data-element_type=\"widget\" data-e-type=\"widget\" data-settings=\"{&quot;_animation&quot;:&quot;fadeIn&quot;,&quot;_animation_delay&quot;:300}\" data-widget_type=\"heading.default\">\n\t\t\t\t<div class=\"elementor-widget-container\">\n\t\t\t\t\t<h3 class=\"elementor-heading-title elementor-size-default\">Niveles de ingl\u00e9s\n<\/h3>\t\t\t\t<\/div>\n\t\t\t\t<\/div>\n\t\t\t\t<div class=\"elementor-element elementor-element-d420733 elementor-widget elementor-widget-text-editor\" data-id=\"d420733\" data-element_type=\"widget\" data-e-type=\"widget\" data-widget_type=\"text-editor.default\">\n\t\t\t\t<div class=\"elementor-widget-container\">\n\t\t\t\t\t\t\t\t\t<p>La mayor\u00eda de niveles son de 3 horas por semana, y se puede escoger hacerlas en dos sesiones de 1,5 horas o bien en una sola sesi\u00f3n de 3 horas.<\/p>\t\t\t\t\t\t\t\t<\/div>\n\t\t\t\t<\/div>\n\t\t\t\t<div class=\"elementor-element elementor-element-426d9e3 elementor-align-start elementor-icon-list--layout-traditional elementor-list-item-link-full_width elementor-widget elementor-widget-icon-list\" data-id=\"426d9e3\" data-element_type=\"widget\" data-e-type=\"widget\" data-widget_type=\"icon-list.default\">\n\t\t\t\t<div class=\"elementor-widget-container\">\n\t\t\t\t\t\t\t<ul class=\"elementor-icon-list-items\">\n\t\t\t\t\t\t\t<li class=\"elementor-icon-list-item\">\n\t\t\t\t\t\t\t\t\t\t\t<span class=\"elementor-icon-list-icon\">\n\t\t\t\t\t\t\t<i aria-hidden=\"true\" class=\"fas fa-circle\"><\/i>\t\t\t\t\t\t<\/span>\n\t\t\t\t\t\t\t\t\t\t<span class=\"elementor-icon-list-text\">STARTER A1<\/span>\n\t\t\t\t\t\t\t\t\t<\/li>\n\t\t\t\t\t\t\t\t<li class=\"elementor-icon-list-item\">\n\t\t\t\t\t\t\t\t\t\t\t<span class=\"elementor-icon-list-icon\">\n\t\t\t\t\t\t\t<i aria-hidden=\"true\" class=\"fas fa-circle\"><\/i>\t\t\t\t\t\t<\/span>\n\t\t\t\t\t\t\t\t\t\t<span class=\"elementor-icon-list-text\">ELEMENTARY A1.2<\/span>\n\t\t\t\t\t\t\t\t\t<\/li>\n\t\t\t\t\t\t\t\t<li class=\"elementor-icon-list-item\">\n\t\t\t\t\t\t\t\t\t\t\t<span class=\"elementor-icon-list-icon\">\n\t\t\t\t\t\t\t<i aria-hidden=\"true\" class=\"fas fa-circle\"><\/i>\t\t\t\t\t\t<\/span>\n\t\t\t\t\t\t\t\t\t\t<span class=\"elementor-icon-list-text\">PRE-INTERMEDIATE A2<\/span>\n\t\t\t\t\t\t\t\t\t<\/li>\n\t\t\t\t\t\t\t\t<li class=\"elementor-icon-list-item\">\n\t\t\t\t\t\t\t\t\t\t\t<span class=\"elementor-icon-list-icon\">\n\t\t\t\t\t\t\t<i aria-hidden=\"true\" class=\"fas fa-circle\"><\/i>\t\t\t\t\t\t<\/span>\n\t\t\t\t\t\t\t\t\t\t<span class=\"elementor-icon-list-text\">INTERMEDIATE B1<\/span>\n\t\t\t\t\t\t\t\t\t<\/li>\n\t\t\t\t\t\t\t\t<li class=\"elementor-icon-list-item\">\n\t\t\t\t\t\t\t\t\t\t\t<span class=\"elementor-icon-list-icon\">\n\t\t\t\t\t\t\t<i aria-hidden=\"true\" class=\"fas fa-circle\"><\/i>\t\t\t\t\t\t<\/span>\n\t\t\t\t\t\t\t\t\t\t<span class=\"elementor-icon-list-text\">UPPER-INTERMEDIATE B2.1<\/span>\n\t\t\t\t\t\t\t\t\t<\/li>\n\t\t\t\t\t\t\t\t<li class=\"elementor-icon-list-item\">\n\t\t\t\t\t\t\t\t\t\t\t<span class=\"elementor-icon-list-icon\">\n\t\t\t\t\t\t\t<i aria-hidden=\"true\" class=\"fas fa-circle\"><\/i>\t\t\t\t\t\t<\/span>\n\t\t\t\t\t\t\t\t\t\t<span class=\"elementor-icon-list-text\">FIRST CERTIFICATE B2.2<\/span>\n\t\t\t\t\t\t\t\t\t<\/li>\n\t\t\t\t\t\t\t\t<li class=\"elementor-icon-list-item\">\n\t\t\t\t\t\t\t\t\t\t\t<span class=\"elementor-icon-list-icon\">\n\t\t\t\t\t\t\t<i aria-hidden=\"true\" class=\"fas fa-circle\"><\/i>\t\t\t\t\t\t<\/span>\n\t\t\t\t\t\t\t\t\t\t<span class=\"elementor-icon-list-text\">CAE (ADVANCED) C1<\/span>\n\t\t\t\t\t\t\t\t\t<\/li>\n\t\t\t\t\t\t\t\t<li class=\"elementor-icon-list-item\">\n\t\t\t\t\t\t\t\t\t\t\t<span class=\"elementor-icon-list-icon\">\n\t\t\t\t\t\t\t<i aria-hidden=\"true\" class=\"fas fa-circle\"><\/i>\t\t\t\t\t\t<\/span>\n\t\t\t\t\t\t\t\t\t\t<span class=\"elementor-icon-list-text\">PROFICIENCY C2<\/span>\n\t\t\t\t\t\t\t\t\t<\/li>\n\t\t\t\t\t\t<\/ul>\n\t\t\t\t\t\t<\/div>\n\t\t\t\t<\/div>\n\t\t\t\t<div class=\"elementor-element elementor-element-ae1a110 elementor-widget elementor-widget-text-editor\" data-id=\"ae1a110\" data-element_type=\"widget\" data-e-type=\"widget\" data-widget_type=\"text-editor.default\">\n\t\t\t\t<div class=\"elementor-widget-container\">\n\t\t\t\t\t\t\t\t\tEn el nivel de FIRST CERTIFICATE (B2) damos la opci\u00f3n de hacerlo en dos cursos (de 3 horas por semana) o bien en un solo curso (de 4 horas por semana).\n\nEl nivel de CAE (ADVANCED C1) lo ofrecemos en dos cursos de 3h por semana debido a su complejidad.\t\t\t\t\t\t\t\t<\/div>\n\t\t\t\t<\/div>\n\t\t\t\t<div class=\"elementor-element elementor-element-803b434 elementor-invisible elementor-widget elementor-widget-heading\" data-id=\"803b434\" data-element_type=\"widget\" data-e-type=\"widget\" data-settings=\"{&quot;_animation&quot;:&quot;fadeIn&quot;,&quot;_animation_delay&quot;:300}\" data-widget_type=\"heading.default\">\n\t\t\t\t<div class=\"elementor-widget-container\">\n\t\t\t\t\t<h3 class=\"elementor-heading-title elementor-size-default\">Cursos de Alem\u00e1n y Franc\u00e9s para adolescentes\n<\/h3>\t\t\t\t<\/div>\n\t\t\t\t<\/div>\n\t\t\t\t<div class=\"elementor-element elementor-element-d02d5a4 elementor-widget elementor-widget-text-editor\" data-id=\"d02d5a4\" data-element_type=\"widget\" data-e-type=\"widget\" data-widget_type=\"text-editor.default\">\n\t\t\t\t<div class=\"elementor-widget-container\">\n\t\t\t\t\t\t\t\t\t<p>Muchos chicos y chicas ya hablan ingl\u00e9s y entienden que con el ingl\u00e9s ya no hay suficiente y que ya es el momento de continuar con una segunda lengua extranjera.<\/p><p>En BABEL IDIOMES les animamos a hacerlo ya aprender con nosotros ALEM\u00c1N y FRANC\u00c9S. En nuestro mundo, hablar m\u00e1s de una lengua extranjera es un valor que los hace crecer como personas y que ser\u00e1 clave para su futuro.<\/p><p><span style=\"font-weight: 400;\">Los cursos de ALEM\u00c1N son de 3h por semana en dos sesiones de 1,5h<\/span><\/p><p><span style=\"font-weight: 400;\">Los cursos de FRANC\u00c9S son de 2h a la semana en una sola sesi\u00f3n, por lo que ser\u00e1 m\u00e1s f\u00e1cil combinarlo con clases de ingl\u00e9s o alem\u00e1n. <\/span><\/p><p><span style=\"font-weight: 400;\">Los alumnos que imparten dos idiomas tienen descuento en la cuota. <\/span><\/p>\t\t\t\t\t\t\t\t<\/div>\n\t\t\t\t<\/div>\n\t\t\t\t<div class=\"elementor-element elementor-element-a4debc2 elementor-invisible elementor-widget elementor-widget-heading\" data-id=\"a4debc2\" data-element_type=\"widget\" data-e-type=\"widget\" data-settings=\"{&quot;_animation&quot;:&quot;fadeIn&quot;,&quot;_animation_delay&quot;:300}\" data-widget_type=\"heading.default\">\n\t\t\t\t<div class=\"elementor-widget-container\">\n\t\t\t\t\t<h3 class=\"elementor-heading-title elementor-size-default\">Informes trimestrales y relaci\u00f3n familia-escuela \n<\/h3>\t\t\t\t<\/div>\n\t\t\t\t<\/div>\n\t\t\t\t<div class=\"elementor-element elementor-element-7d7306b elementor-widget elementor-widget-text-editor\" data-id=\"7d7306b\" data-element_type=\"widget\" data-e-type=\"widget\" data-widget_type=\"text-editor.default\">\n\t\t\t\t<div class=\"elementor-widget-container\">\n\t\t\t\t\t\t\t\t\t<p>Con el objetivo de que los padres\/madres\/tutores sigan de cerca el rendimiento de sus hijos e hijas (menores de 18 a\u00f1os), los profesores elaboran un informe trimestral donde se detalla el progreso de cada alumno\/a y tienen reuniones presenciales\/online con las familias. La informaci\u00f3n que recibimos por parte de las familias es ESENCIAL para nosotros, y solo as\u00ed podremos avanzar juntos en este proyecto. Naturalmente, a parte de las entrevistas trimestrales, todos nuestros profesores y profesoras est\u00e1n a disposici\u00f3n de las familias para resolver cualquier duda que se les presente. <\/p>\t\t\t\t\t\t\t\t<\/div>\n\t\t\t\t<\/div>\n\t\t\t\t<div class=\"elementor-element elementor-element-cdfda85 elementor-invisible elementor-widget elementor-widget-heading\" data-id=\"cdfda85\" data-element_type=\"widget\" data-e-type=\"widget\" data-settings=\"{&quot;_animation&quot;:&quot;fadeIn&quot;,&quot;_animation_delay&quot;:300}\" data-widget_type=\"heading.default\">\n\t\t\t\t<div class=\"elementor-widget-container\">\n\t\t\t\t\t<h3 class=\"elementor-heading-title elementor-size-default\">Material did\u00e1ctico<\/h3>\t\t\t\t<\/div>\n\t\t\t\t<\/div>\n\t\t\t\t<div class=\"elementor-element elementor-element-9b31384 elementor-widget elementor-widget-text-editor\" data-id=\"9b31384\" data-element_type=\"widget\" data-e-type=\"widget\" data-widget_type=\"text-editor.default\">\n\t\t\t\t<div class=\"elementor-widget-container\">\n\t\t\t\t\t\t\t\t\tEn nuestro centro de idiomas estamos al d\u00eda en las \u00faltimas novedades y, por ello, utilizamos siempre el material m\u00e1s actual, adecuado para cada nivel y adaptado a las diferentes tipolog\u00edas de nuestros alumnos. Para mayor comodidad para las familias, el material se puede comprar en Babel Idiomes.\t\t\t\t\t\t\t\t<\/div>\n\t\t\t\t<\/div>\n\t\t\t\t<div class=\"elementor-element elementor-element-a4b6692 elementor-invisible elementor-widget elementor-widget-heading\" data-id=\"a4b6692\" data-element_type=\"widget\" data-e-type=\"widget\" data-settings=\"{&quot;_animation&quot;:&quot;fadeIn&quot;,&quot;_animation_delay&quot;:300}\" data-widget_type=\"heading.default\">\n\t\t\t\t<div class=\"elementor-widget-container\">\n\t\t\t\t\t<h3 class=\"elementor-heading-title elementor-size-default\">Calendario y horarios<\/h3>\t\t\t\t<\/div>\n\t\t\t\t<\/div>\n\t\t\t\t<div class=\"elementor-element elementor-element-1486984 elementor-widget elementor-widget-text-editor\" data-id=\"1486984\" data-element_type=\"widget\" data-e-type=\"widget\" data-widget_type=\"text-editor.default\">\n\t\t\t\t<div class=\"elementor-widget-container\">\n\t\t\t\t\t\t\t\t\tNuestro programa consta, aproximadamente, de 110 horas de clase (grupos de 3 horas semanales) y tiene una estructura similar a la del curso escolar, es decir, desde la tercera semana de setiembre hasta junio, con vacaciones en Navidad, Pascua y los d\u00edas festivos correspondientes.\nNuestros grupos tienen la matr\u00edcula abierta durante todo el a\u00f1o escolar, por lo que te podr\u00e1s incorporar al grupo en cualquier momento, siempre que tu nivel no sea de principiante absoluto. Adem\u00e1s, podr\u00e1s cambiar de horario en cualquier momento (con la \u00fanica condici\u00f3n de que haya plazas libres en el nuevo horario que desees).\n\t\t\t\t\t\t\t\t<\/div>\n\t\t\t\t<\/div>\n\t\t\t\t\t<\/div>\n\t\t<\/div>\n\t\t\t\t\t<\/div>\n\t\t<\/section>\n\t\t\t\t<section class=\"elementor-section elementor-top-section elementor-element elementor-element-b337c59 elementor-section-full_width elementor-section-height-default elementor-section-height-default\" data-id=\"b337c59\" data-element_type=\"section\" data-e-type=\"section\">\n\t\t\t\t\t\t<div class=\"elementor-container elementor-column-gap-no\">\n\t\t\t\t\t<div class=\"elementor-column elementor-col-100 elementor-top-column elementor-element elementor-element-326692c\" data-id=\"326692c\" data-element_type=\"column\" data-e-type=\"column\">\n\t\t\t<div class=\"elementor-widget-wrap elementor-element-populated\">\n\t\t\t\t\t\t<div class=\"elementor-element elementor-element-0c4683e elementor-widget elementor-widget-spacer\" data-id=\"0c4683e\" data-element_type=\"widget\" data-e-type=\"widget\" data-widget_type=\"spacer.default\">\n\t\t\t\t<div class=\"elementor-widget-container\">\n\t\t\t\t\t\t\t<div class=\"elementor-spacer\">\n\t\t\t<div class=\"elementor-spacer-inner\"><\/div>\n\t\t<\/div>\n\t\t\t\t\t\t<\/div>\n\t\t\t\t<\/div>\n\t\t\t\t<div class=\"elementor-element elementor-element-e4d3b04 elementor-widget elementor-widget-spacer\" data-id=\"e4d3b04\" data-element_type=\"widget\" data-e-type=\"widget\" data-widget_type=\"spacer.default\">\n\t\t\t\t<div class=\"elementor-widget-container\">\n\t\t\t\t\t\t\t<div class=\"elementor-spacer\">\n\t\t\t<div class=\"elementor-spacer-inner\"><\/div>\n\t\t<\/div>\n\t\t\t\t\t\t<\/div>\n\t\t\t\t<\/div>\n\t\t\t\t<div class=\"elementor-element elementor-element-7aca6ff elementor-widget elementor-widget-image\" data-id=\"7aca6ff\" data-element_type=\"widget\" data-e-type=\"widget\" data-widget_type=\"image.default\">\n\t\t\t\t<div class=\"elementor-widget-container\">\n\t\t\t\t\t\t\t\t\t\t\t\t\t\t\t<img fetchpriority=\"high\" decoding=\"async\" width=\"1024\" height=\"683\" src=\"https:\/\/babelidiomes.com\/wp-content\/uploads\/2021\/05\/Times-Square_MG_4207-1024x683.jpg\" class=\"attachment-large size-large wp-image-990336\" alt=\"\" srcset=\"https:\/\/babelidiomes.com\/wp-content\/uploads\/2021\/05\/Times-Square_MG_4207-1024x683.jpg 1024w, https:\/\/babelidiomes.com\/wp-content\/uploads\/2021\/05\/Times-Square_MG_4207-680x453.jpg 680w, https:\/\/babelidiomes.com\/wp-content\/uploads\/2021\/05\/Times-Square_MG_4207-300x200.jpg 300w, https:\/\/babelidiomes.com\/wp-content\/uploads\/2021\/05\/Times-Square_MG_4207-768x512.jpg 768w, https:\/\/babelidiomes.com\/wp-content\/uploads\/2021\/05\/Times-Square_MG_4207-1536x1024.jpg 1536w, https:\/\/babelidiomes.com\/wp-content\/uploads\/2021\/05\/Times-Square_MG_4207-2048x1365.jpg 2048w, https:\/\/babelidiomes.com\/wp-content\/uploads\/2021\/05\/Times-Square_MG_4207-1360x907.jpg 1360w\" sizes=\"(max-width: 1024px) 100vw, 1024px\" \/>\t\t\t\t\t\t\t\t\t\t\t\t\t\t\t<\/div>\n\t\t\t\t<\/div>\n\t\t\t\t\t<\/div>\n\t\t<\/div>\n\t\t\t\t\t<\/div>\n\t\t<\/section>\n\t\t\t\t<\/div>\n\t\t","protected":false},"excerpt":{"rendered":"<p>\u00bfQu\u00e9 tenemos que decir de la adolescencia? Esta etapa intermedia entre la infancia y la edad adulta es un momento lleno de cambios para chicos y chicas, tanto a nivel f\u00edsico como emocional, que puede ser una etapa dif\u00edcil pero tambi\u00e9n APASIONANTE. En Babel Idiomes, a pesar de la complejidad que a veces puede existir&#8230;<\/p>\n","protected":false},"featured_media":990191,"template":"","meta":[],"product_brand":[],"product_cat":[105,106,104],"product_tag":[],"class_list":{"0":"post-990727","1":"product","2":"type-product","3":"status-publish","4":"has-post-thumbnail","6":"product_cat-aleman","7":"product_cat-frances-es","8":"product_cat-ingles","10":"first","11":"instock","12":"taxable","13":"shipping-taxable","14":"product-type-simple"},"_links":{"self":[{"href":"https:\/\/babelidiomes.com\/es\/wp-json\/wp\/v2\/product\/990727","targetHints":{"allow":["GET"]}}],"collection":[{"href":"https:\/\/babelidiomes.com\/es\/wp-json\/wp\/v2\/product"}],"about":[{"href":"https:\/\/babelidiomes.com\/es\/wp-json\/wp\/v2\/types\/product"}],"version-history":[{"count":0,"href":"https:\/\/babelidiomes.com\/es\/wp-json\/wp\/v2\/product\/990727\/revisions"}],"wp:featuredmedia":[{"embeddable":true,"href":"https:\/\/babelidiomes.com\/es\/wp-json\/wp\/v2\/media\/990191"}],"wp:attachment":[{"href":"https:\/\/babelidiomes.com\/es\/wp-json\/wp\/v2\/media?parent=990727"}],"wp:term":[{"taxonomy":"product_brand","embeddable":true,"href":"https:\/\/babelidiomes.com\/es\/wp-json\/wp\/v2\/product_brand?post=990727"},{"taxonomy":"product_cat","embeddable":true,"href":"https:\/\/babelidiomes.com\/es\/wp-json\/wp\/v2\/product_cat?post=990727"},{"taxonomy":"product_tag","embeddable":true,"href":"https:\/\/babelidiomes.com\/es\/wp-json\/wp\/v2\/product_tag?post=990727"}],"curies":[{"name":"wp","href":"https:\/\/api.w.org\/{rel}","templated":true}]}}