{"id":990732,"date":"2021-05-19T18:08:30","date_gmt":"2021-10-25T11:00:35","guid":{"rendered":"https:\/\/babelidiomes.com\/cursos\/cursos-intensivos\/"},"modified":"2021-10-25T13:00:35","modified_gmt":"2021-10-25T11:00:35","slug":"cursos-intensivos","status":"publish","type":"product","link":"https:\/\/babelidiomes.com\/es\/producte\/cursos-intensivos\/","title":{"rendered":"Cursos intensivos"},"content":{"rendered":"\t\t<div data-elementor-type=\"product-post\" data-elementor-id=\"990732\" class=\"elementor elementor-990732 elementor-988156\" data-elementor-post-type=\"product\">\n\t\t\t\t\t\t<section class=\"elementor-section elementor-top-section elementor-element elementor-element-13bf36a8 elementor-section-boxed elementor-section-height-default elementor-section-height-default\" data-id=\"13bf36a8\" data-element_type=\"section\" data-e-type=\"section\">\n\t\t\t\t\t\t<div class=\"elementor-container elementor-column-gap-default\">\n\t\t\t\t\t<div class=\"elementor-column elementor-col-100 elementor-top-column elementor-element elementor-element-2d85be63\" data-id=\"2d85be63\" data-element_type=\"column\" data-e-type=\"column\">\n\t\t\t<div class=\"elementor-widget-wrap elementor-element-populated\">\n\t\t\t\t\t\t<div class=\"elementor-element elementor-element-6c26bd8 elementor-widget elementor-widget-text-editor\" data-id=\"6c26bd8\" data-element_type=\"widget\" data-e-type=\"widget\" data-widget_type=\"text-editor.default\">\n\t\t\t\t<div class=\"elementor-widget-container\">\n\t\t\t\t\t\t\t\t\t<h3>Mira cuantas cosas puedes hacer durante el mes de julio\u2026<\/h3>\n<p>\u00bfQuieres avanzar un curso porqu\u00e9 te gustan los idiomas y quieres progresar m\u00e1s r\u00e1pidamente?<\/p>\n<p>\u00bfQuieres dar un buen empuj\u00f3n para llegar antes al B2 o al C1 que te pide la universidad? \u00bfQuieres ir de Erasmus con m\u00e1s seguridad?<\/p>\n<p>\u00bfQuieres repasar lo que aprendiste el curso pasado porqu\u00e9 no te qued\u00f3 suficientemente claro y te gustar\u00eda volverlo a ver y as\u00ed empezar en setiembre con m\u00e1s seguridad?<\/p>\n<p>\u00bfQuieres avanzar un curso porqu\u00e9 necesitas tener un nivel m\u00e1s alto para encontrar un buen trabajo o para tener un puesto mejor en tu trabajo actual?<\/p>\n<p>\u00bfQuieres examinarte ya del B2 o del C1 y s\u00f3lo necesitas una pr\u00e1ctica espec\u00edfica de preparaci\u00f3n de este examen para pasarlo al terminar el intensivo?<\/p>\n<p>\u00bfQuieres ir de vacaciones al extranjero y te gustar\u00eda poder comunicarte en la lengua del pa\u00eds y que no sea otra persona que siempre tenga que hablar por ti?<\/p>\n<p>\u00bfQuieres refrescar lo que aprendiste en aquel curso que empezaste ya hace tiempo y que tuviste que dejar?<\/p>\n<p>\u00bfQuieres empezar un nuevo idioma y as\u00ed abrirte a nuevos mundos y nuevas experiencias?<\/p>\n<p>\u00bfQuieres mejorar el <i>listening<\/i>para poder dedicar este verano a ver aquella serie que tanto te recomendaron pero en versi\u00f3n original?<\/p>\n<p>\u00bfQuieres mejorar tu <i>speaking<\/i>en un grupo reducido para ir cogiendo m\u00e1s confianza al hablar en ingl\u00e9s?<\/p>\n\t\t\t\t\t\t\t\t<\/div>\n\t\t\t\t<\/div>\n\t\t\t\t<div class=\"elementor-element elementor-element-ae1a110 elementor-widget elementor-widget-text-editor\" data-id=\"ae1a110\" data-element_type=\"widget\" data-e-type=\"widget\" data-widget_type=\"text-editor.default\">\n\t\t\t\t<div class=\"elementor-widget-container\">\n\t\t\t\t\t\t\t\t\t<p>Si has respondido que <b>S\u00cd<\/b> a alguna de estas preguntas, lo que te conviene es hacer un <b>CURSO INTENSIVO<\/b> durante el mes de julio <b>en Babel Idiomes<\/b>.<\/p>\n<p>En julio impartimos <b>cursos intensivos de 60 horas<\/b> (en sesiones diarias de 3 horas durante 4 semanas en horario de ma\u00f1ana o tarde) de <b>ingl\u00e9s, franc\u00e9s, alem\u00e1n e italiano<\/b>. En 60 horas trabajar\u00e1s intensamente en un ambiente agradable y unas clases animadas y ver\u00e1s lo que normalmente se ve en un curso escolar de 110 horas.  El resultado de nuestros cursos intensivos es excelente, ya que los alumnos que deciden aprovechar el mes de julio y hacer un curso intensivo est\u00e1n muy motivados y ven un gran progreso en cada sesi\u00f3n, ganando as\u00ed mucha confianza. <\/p>\n<p>\u00a1Es un curso intenso pero muy provechoso!<\/p>\n\t\t\t\t\t\t\t\t<\/div>\n\t\t\t\t<\/div>\n\t\t\t\t<div class=\"elementor-element elementor-element-803b434 elementor-invisible elementor-widget elementor-widget-heading\" data-id=\"803b434\" data-element_type=\"widget\" data-e-type=\"widget\" data-settings=\"{&quot;_animation&quot;:&quot;fadeIn&quot;,&quot;_animation_delay&quot;:300}\" data-widget_type=\"heading.default\">\n\t\t\t\t<div class=\"elementor-widget-container\">\n\t\t\t\t\t<h3 class=\"elementor-heading-title elementor-size-default\">Curso de preparaci\u00f3n para el examen B2 First<\/h3>\t\t\t\t<\/div>\n\t\t\t\t<\/div>\n\t\t\t\t<div class=\"elementor-element elementor-element-d02d5a4 elementor-widget elementor-widget-text-editor\" data-id=\"d02d5a4\" data-element_type=\"widget\" data-e-type=\"widget\" data-widget_type=\"text-editor.default\">\n\t\t\t\t<div class=\"elementor-widget-container\">\n\t\t\t\t\t\t\t\t\t<p>Si te quieres presentar al examen de B2 First de la Universidad de Cambridge, tienes dos posibilidades:<\/p>\n\t\t\t\t\t\t\t\t<\/div>\n\t\t\t\t<\/div>\n\t\t\t\t<div class=\"elementor-element elementor-element-8ce86a7 elementor-align-start elementor-icon-list--layout-traditional elementor-list-item-link-full_width elementor-widget elementor-widget-icon-list\" data-id=\"8ce86a7\" data-element_type=\"widget\" data-e-type=\"widget\" data-widget_type=\"icon-list.default\">\n\t\t\t\t<div class=\"elementor-widget-container\">\n\t\t\t\t\t\t\t<ul class=\"elementor-icon-list-items\">\n\t\t\t\t\t\t\t<li class=\"elementor-icon-list-item\">\n\t\t\t\t\t\t\t\t\t\t\t<span class=\"elementor-icon-list-icon\">\n\t\t\t\t\t\t\t<i aria-hidden=\"true\" class=\"fas fa-circle\"><\/i>\t\t\t\t\t\t<\/span>\n\t\t\t\t\t\t\t\t\t\t<span class=\"elementor-icon-list-text\">A ) Curso con clases semipresenciales: 8 horas de clases presenciales o s\u00edncronas online + 30 horas m\u00ednimo de trabajo aut\u00f3nomo (curso disponible durante el mes de julio o bajo demanda)<\/span>\n\t\t\t\t\t\t\t\t\t<\/li>\n\t\t\t\t\t\t\t\t<li class=\"elementor-icon-list-item\">\n\t\t\t\t\t\t\t\t\t\t\t<span class=\"elementor-icon-list-icon\">\n\t\t\t\t\t\t\t<i aria-hidden=\"true\" class=\"fas fa-circle\"><\/i>\t\t\t\t\t\t<\/span>\n\t\t\t\t\t\t\t\t\t\t<span class=\"elementor-icon-list-text\">B ) Curso 100% trabajo online as\u00edncrono (curso disponible cualquier mes del a\u00f1o)<\/span>\n\t\t\t\t\t\t\t\t\t<\/li>\n\t\t\t\t\t\t<\/ul>\n\t\t\t\t\t\t<\/div>\n\t\t\t\t<\/div>\n\t\t\t\t\t<\/div>\n\t\t<\/div>\n\t\t\t\t\t<\/div>\n\t\t<\/section>\n\t\t\t\t<\/div>\n\t\t","protected":false},"excerpt":{"rendered":"<p>Mira cuantas cosas puedes hacer durante el mes de julio\u2026 \u00bfQuieres avanzar un curso porqu\u00e9 te gustan los idiomas y quieres progresar m\u00e1s r\u00e1pidamente? \u00bfQuieres dar un buen empuj\u00f3n para llegar antes al B2 o al C1 que te pide la universidad? \u00bfQuieres ir de Erasmus con m\u00e1s seguridad? \u00bfQuieres repasar lo que aprendiste el&#8230;<\/p>\n","protected":false},"featured_media":990183,"template":"","meta":[],"product_brand":[],"product_cat":[105,106,104],"product_tag":[],"class_list":{"0":"post-990732","1":"product","2":"type-product","3":"status-publish","4":"has-post-thumbnail","6":"product_cat-aleman","7":"product_cat-frances-es","8":"product_cat-ingles","10":"first","11":"instock","12":"taxable","13":"shipping-taxable","14":"product-type-simple"},"_links":{"self":[{"href":"https:\/\/babelidiomes.com\/es\/wp-json\/wp\/v2\/product\/990732","targetHints":{"allow":["GET"]}}],"collection":[{"href":"https:\/\/babelidiomes.com\/es\/wp-json\/wp\/v2\/product"}],"about":[{"href":"https:\/\/babelidiomes.com\/es\/wp-json\/wp\/v2\/types\/product"}],"version-history":[{"count":0,"href":"https:\/\/babelidiomes.com\/es\/wp-json\/wp\/v2\/product\/990732\/revisions"}],"wp:featuredmedia":[{"embeddable":true,"href":"https:\/\/babelidiomes.com\/es\/wp-json\/wp\/v2\/media\/990183"}],"wp:attachment":[{"href":"https:\/\/babelidiomes.com\/es\/wp-json\/wp\/v2\/media?parent=990732"}],"wp:term":[{"taxonomy":"product_brand","embeddable":true,"href":"https:\/\/babelidiomes.com\/es\/wp-json\/wp\/v2\/product_brand?post=990732"},{"taxonomy":"product_cat","embeddable":true,"href":"https:\/\/babelidiomes.com\/es\/wp-json\/wp\/v2\/product_cat?post=990732"},{"taxonomy":"product_tag","embeddable":true,"href":"https:\/\/babelidiomes.com\/es\/wp-json\/wp\/v2\/product_tag?post=990732"}],"curies":[{"name":"wp","href":"https:\/\/api.w.org\/{rel}","templated":true}]}}