{"id":998058,"date":"2022-01-27T17:33:24","date_gmt":"2023-01-11T17:40:19","guid":{"rendered":"https:\/\/babelidiomes.com\/producte\/b2-first-estandar\/"},"modified":"2023-01-11T18:40:19","modified_gmt":"2023-01-11T17:40:19","slug":"b2-first-estandard","status":"publish","type":"product","link":"https:\/\/babelidiomes.com\/es\/producte\/b2-first-estandard\/","title":{"rendered":"B2 First Est\u00e1ndar"},"content":{"rendered":"","protected":false},"excerpt":{"rendered":"<p><strong>Tipo de curso:<\/strong> Aut\u00f3nomo, con tutor, sin clases, incluye correcci\u00f3n de 4 Writings + 2 Sesi\u00f3n Speaking.<br \/>\n<strong>Niveles:<\/strong> Curso preparaci\u00f3n examen B2 First Est\u00e1ndar<br \/>\n<strong>Fechas:<\/strong> de 01\/02\/22 al 31\/07\/22 de 01\/10\/22 al 31\/03\/23<br \/>\n<strong>Duraci\u00f3n:<\/strong> 45-50h (5 meses)<\/p>\n","protected":false},"featured_media":993486,"template":"","meta":[],"product_brand":[],"product_cat":[137],"product_tag":[139],"class_list":{"0":"post-998058","1":"product","2":"type-product","3":"status-publish","4":"has-post-thumbnail","6":"product_cat-online-es","7":"product_tag-intensivos","9":"first","10":"instock","11":"virtual","12":"sold-individually","13":"taxable","14":"purchasable","15":"product-type-simple"},"_links":{"self":[{"href":"https:\/\/babelidiomes.com\/es\/wp-json\/wp\/v2\/product\/998058","targetHints":{"allow":["GET"]}}],"collection":[{"href":"https:\/\/babelidiomes.com\/es\/wp-json\/wp\/v2\/product"}],"about":[{"href":"https:\/\/babelidiomes.com\/es\/wp-json\/wp\/v2\/types\/product"}],"version-history":[{"count":0,"href":"https:\/\/babelidiomes.com\/es\/wp-json\/wp\/v2\/product\/998058\/revisions"}],"wp:featuredmedia":[{"embeddable":true,"href":"https:\/\/babelidiomes.com\/es\/wp-json\/wp\/v2\/media\/993486"}],"wp:attachment":[{"href":"https:\/\/babelidiomes.com\/es\/wp-json\/wp\/v2\/media?parent=998058"}],"wp:term":[{"taxonomy":"product_brand","embeddable":true,"href":"https:\/\/babelidiomes.com\/es\/wp-json\/wp\/v2\/product_brand?post=998058"},{"taxonomy":"product_cat","embeddable":true,"href":"https:\/\/babelidiomes.com\/es\/wp-json\/wp\/v2\/product_cat?post=998058"},{"taxonomy":"product_tag","embeddable":true,"href":"https:\/\/babelidiomes.com\/es\/wp-json\/wp\/v2\/product_tag?post=998058"}],"curies":[{"name":"wp","href":"https:\/\/api.w.org\/{rel}","templated":true}]}}