{"id":998059,"date":"2022-06-10T10:46:02","date_gmt":"2023-01-11T17:42:00","guid":{"rendered":"https:\/\/babelidiomes.com\/producte\/c1-advanced-intensivo\/"},"modified":"2023-01-11T18:42:00","modified_gmt":"2023-01-11T17:42:00","slug":"c1-advanced-intensiu","status":"publish","type":"product","link":"https:\/\/babelidiomes.com\/es\/producte\/c1-advanced-intensiu\/","title":{"rendered":"C1 Advanced Intensivo"},"content":{"rendered":"","protected":false},"excerpt":{"rendered":"<p><strong>Tipo de curso:<\/strong> Aut\u00f3nomo, con tutor, sin clases, incluye correcci\u00f3n de 2 Writings + 1 Sesi\u00f3n Speaking.<br \/>\n<strong>Niveles:<\/strong> Curso preparaci\u00f3n examen C1 Advanced Intensivo<br \/>\n<strong>Fechas:<\/strong> d\u00eda 01 de cada mes<br \/>\n<strong>Duraci\u00f3n:<\/strong> 25-30h (un mes)<\/p>\n","protected":false},"featured_media":993486,"template":"","meta":[],"product_brand":[],"product_cat":[137],"product_tag":[139],"class_list":{"0":"post-998059","1":"product","2":"type-product","3":"status-publish","4":"has-post-thumbnail","6":"product_cat-online-es","7":"product_tag-intensivos","9":"first","10":"instock","11":"virtual","12":"sold-individually","13":"taxable","14":"purchasable","15":"product-type-simple"},"_links":{"self":[{"href":"https:\/\/babelidiomes.com\/es\/wp-json\/wp\/v2\/product\/998059","targetHints":{"allow":["GET"]}}],"collection":[{"href":"https:\/\/babelidiomes.com\/es\/wp-json\/wp\/v2\/product"}],"about":[{"href":"https:\/\/babelidiomes.com\/es\/wp-json\/wp\/v2\/types\/product"}],"version-history":[{"count":0,"href":"https:\/\/babelidiomes.com\/es\/wp-json\/wp\/v2\/product\/998059\/revisions"}],"wp:featuredmedia":[{"embeddable":true,"href":"https:\/\/babelidiomes.com\/es\/wp-json\/wp\/v2\/media\/993486"}],"wp:attachment":[{"href":"https:\/\/babelidiomes.com\/es\/wp-json\/wp\/v2\/media?parent=998059"}],"wp:term":[{"taxonomy":"product_brand","embeddable":true,"href":"https:\/\/babelidiomes.com\/es\/wp-json\/wp\/v2\/product_brand?post=998059"},{"taxonomy":"product_cat","embeddable":true,"href":"https:\/\/babelidiomes.com\/es\/wp-json\/wp\/v2\/product_cat?post=998059"},{"taxonomy":"product_tag","embeddable":true,"href":"https:\/\/babelidiomes.com\/es\/wp-json\/wp\/v2\/product_tag?post=998059"}],"curies":[{"name":"wp","href":"https:\/\/api.w.org\/{rel}","templated":true}]}}